{"id":1168,"date":"2019-09-21T18:49:48","date_gmt":"2019-09-21T18:49:48","guid":{"rendered":"https:\/\/www.lenostube.com\/it\/?page_id=1168"},"modified":"2025-09-21T11:29:55","modified_gmt":"2025-09-21T10:29:55","slug":"cookie-policy","status":"publish","type":"page","link":"https:\/\/www.lenostube.com\/it\/cookie-policy\/","title":{"rendered":"Cookie Policy"},"content":{"rendered":"\n<h3 class=\"wp-block-heading\">Utilizzo dei Cookie da parte di www.lenostube.com\/it<\/h3>\n\n\n\n<p>Questo sito usa i cookies. Alcuni cookies sono essenziali per un corretto funzionamento del sito web, mentre altri ci aiutano a migliorare la tua esperienza fornendoci statistiche informazioni su come il sito viene utilizzato.<\/p>\n\n\n\n<h5 class=\"wp-block-heading\">Cookies Necessari<\/h5>\n\n\n\n<p>Questi cookies sono strettamente necessari per un corretto funzionamento del nostro sito web e per utilizzare alcune delle sue caratteristiche. Puoi comunque decidere di bloccare e cancellare questi cookie modificando le impostazioni del browser e forzando il blocco di tutti i cookie di questo sito web. Poich\u00e9 senza questi cookie il nostro sito web non pu\u00f2 funzionare correttamente, bloccarli avr\u00e0 un impatto negativo sulle funzionalit\u00e0 del sito. <\/p>\n\n\n\n<h5 class=\"wp-block-heading\">Cookies Statistici<\/h5>\n\n\n\n<p>Per raccogliere statistiche utilizziamo Google Analytics.   I cookies statistici aiutano i proprietari dei siti web a capire come i visitatori interagiscono con i siti web raccogliendo e segnalando informazioni in modo anonimo. Ci servono quindi, ad esempio, a sapere quanti visitatori riceviamo o quali pagine preferiscono. Puoi comunque decidere di disattivarli.<\/p>\n\n\n\n<p> <strong><div data-disabled_by_browser=\"Attiva questa funzione nelle impostazioni del browser e ricarica la pagina.\" class=\"av-switch-aviaPrivacyGoogleTrackingDisabled av-toggle-switch av-cookie-disable-external-toggle av-cookie-save-unchecked av-cookie-default-checked av-cookie-sc-disabled\"><label><input type=\"checkbox\" checked=\"checked\" id=\"aviaPrivacyGoogleTrackingDisabled\" class=\"aviaPrivacyGoogleTrackingDisabled \" name=\"aviaPrivacyGoogleTrackingDisabled\" disabled=\"disabled\"><span class=\"toggle-track\"><\/span><span class=\"toggle-label-content\">Clicca per attivare\/disattivare il monitoraggio di Google Analytics.<\/span><\/label><p><strong>Si prega di abilitare i messaggi di consenso dei cookie nel backend per utilizzare questa funzione.<\/strong><\/p><\/div><\/strong> <\/p>\n\n\n\n<h3 class=\"wp-block-heading\">Lista dei Cookies<\/h3>\n\n\n\n<p>Utlizziamo 3 gruppi di Cookies: Google Analytics Cookies, Woocommerce Cookies e &#8220;Consenso ai Cookies&#8221; Cookie.<\/p>\n\n\n\n<h6 class=\"wp-block-heading\">Google Analytics<\/h6>\n\n\n\n<p>I Cookies Google Analytics servono a raccogliere dati sulle preferenze e sul comportamento dei visitatori sul nosto sito web. Ci permettono di riconoscere e contare il numero di visitatori e vedere come essi si muovono all&#8217;interno del sito quando lo stanno usando. Questo ci consente di migliorare le funzionalit\u00e0 del nostro sito, ad esempio assicurandoci che gli utenti trovino subito ci\u00f2 che cercano. Il visitatore rimane anonimo.<\/p>\n\n\n\n<figure class=\"wp-block-table\"><table><tbody><tr><td> Lista Cookies Google Analytics <\/td><\/tr><tr><td><em>_utma<br>_utmb<br>_utmc<br>_utmz<\/em><\/td><\/tr><tr><td>Scadono&nbsp;rispettivamente dopo&nbsp;2 anni, 30 minuti, quando chudi il browser, 6 mesi<\/td><\/tr><\/tbody><\/table><\/figure>\n\n\n\n<h6 class=\"wp-block-heading\">WooCommerce Cookies<\/h6>\n\n\n\n<p>Woocommerce \u00e8 un programma per il commercio online. I cookies vengono utilizzati dal negozio per permettergli di funzionare correttamente.<\/p>\n\n\n\n<figure class=\"wp-block-table\"><table><tbody><tr><td> Lista Cookies di WooCommerce <\/td><\/tr><tr><td> <em>woocommerce_cart_hash<br>woocommerce_items_in_cart<br>woocommerce_recently_viewed<br>wp_woocommerce_session_<\/em><br><em>store_notice[notice id]<\/em><\/td><\/tr><tr><td>Tutti questi cookie scadono al termine della sessione, <br>eccetto &#8220;wp_woocommerce_session_&#8221; che ha una durata di 2 giorni<\/td><\/tr><\/tbody><\/table><\/figure>\n\n\n\n<h6 class=\"wp-block-heading\">&#8220;Consenso ai Cookies&#8221; Cookie<\/h6>\n\n\n\n<p>Questo cookie viene utilizzato dal banner di consenso all&#8217;utilizzo dei cookie per ricordarsi che il visitatore ha accettato il fatto che questo sito utilizza cookies. Serve a evitare che la notifica sui cookie venga mostrata ad ogni nuova sessione.<\/p>\n\n\n\n<figure class=\"wp-block-table\"><table><tbody><tr><td><em>aviaCookieConsent<\/em><\/td><\/tr><tr><td> Questo cookie ha la durata di 1 mese<\/td><\/tr><\/tbody><\/table><\/figure>\n\n\n\n<p>Per maggiori informazioni sui cookie, per favore visita  <a href=\"https:\/\/www.garanteprivacy.it\/cookie\">https:\/\/www.garanteprivacy.it\/cookie<\/a> <\/p>\n","protected":false},"excerpt":{"rendered":"<p>Utilizzo dei Cookie da parte di www.lenostube.com\/it Questo sito usa i cookies. Alcuni cookies sono essenziali per un corretto funzionamento del sito web, mentre altri ci aiutano a migliorare la tua esperienza fornendoci statistiche informazioni su come il sito viene utilizzato. Cookies Necessari Questi cookies sono strettamente necessari per un corretto funzionamento del nostro sito [&hellip;]<\/p>\n","protected":false},"author":1,"featured_media":0,"parent":0,"menu_order":0,"comment_status":"closed","ping_status":"closed","template":"","meta":{"footnotes":""},"tools_category":[],"class_list":["post-1168","page","type-page","status-publish","hentry"],"_links":{"self":[{"href":"https:\/\/www.lenostube.com\/it\/wp-json\/wp\/v2\/pages\/1168","targetHints":{"allow":["GET"]}}],"collection":[{"href":"https:\/\/www.lenostube.com\/it\/wp-json\/wp\/v2\/pages"}],"about":[{"href":"https:\/\/www.lenostube.com\/it\/wp-json\/wp\/v2\/types\/page"}],"author":[{"embeddable":true,"href":"https:\/\/www.lenostube.com\/it\/wp-json\/wp\/v2\/users\/1"}],"replies":[{"embeddable":true,"href":"https:\/\/www.lenostube.com\/it\/wp-json\/wp\/v2\/comments?post=1168"}],"version-history":[{"count":0,"href":"https:\/\/www.lenostube.com\/it\/wp-json\/wp\/v2\/pages\/1168\/revisions"}],"wp:attachment":[{"href":"https:\/\/www.lenostube.com\/it\/wp-json\/wp\/v2\/media?parent=1168"}],"wp:term":[{"taxonomy":"tools_category","embeddable":true,"href":"https:\/\/www.lenostube.com\/it\/wp-json\/wp\/v2\/tools_category?post=1168"}],"curies":[{"name":"wp","href":"https:\/\/api.w.org\/{rel}","templated":true}]}}