{"id":155168,"date":"2023-12-29T11:05:40","date_gmt":"2023-12-29T10:05:40","guid":{"rendered":"https:\/\/www.lenostube.com\/en\/?page_id=155168"},"modified":"2026-04-02T04:36:17","modified_gmt":"2026-04-02T03:36:17","slug":"generatore-titoli-youtube","status":"publish","type":"page","link":"https:\/\/www.lenostube.com\/it\/generatore-titoli-youtube\/","title":{"rendered":"Generatore di titoli video YouTube (IA)"},"content":{"rendered":"\n<style type=\"text\/css\" data-created_by=\"avia_inline_auto\" id=\"style-css-av-2hz1wtpc-ba7e730f5a102a61ad04d0333b91808a\">\n.flex_column.av-2hz1wtpc-ba7e730f5a102a61ad04d0333b91808a{\npadding:15px 0 15px 0;\n}\n\n@media only screen and (min-width: 480px) and (max-width: 767px){ \n.flex_column.av-2hz1wtpc-ba7e730f5a102a61ad04d0333b91808a{\npadding:15px 0 8px 0;\n}\n}\n\n@media only screen and (max-width: 479px){ \n.flex_column.av-2hz1wtpc-ba7e730f5a102a61ad04d0333b91808a{\npadding:15px 0 8px 0;\n}\n}\n<\/style>\n<div  class='flex_column av-2hz1wtpc-ba7e730f5a102a61ad04d0333b91808a av_one_full  avia-builder-el-0  el_before_av_hr  avia-builder-el-first  first flex_column_div  '     ><section  class='av_textblock_section av-m73ibnig-bf215d6963f009bc21e55ffce5a35a6c '   itemscope=\"itemscope\" itemtype=\"https:\/\/schema.org\/CreativeWork\" ><div class='avia_textblock responsive container'  itemprop=\"text\" ><h2 style=\"text-align: center;\">Generatore di titoli YouTube \ud83d\udce3\ud83d\udd8b\ufe0f<\/h2>\n<p style=\"text-align: center;\">Un buon titolo YouTube \u00e8 essenziale per attirare l&#8217;attenzione e aumentare il CTR (Percentuale di clic) di un video. Utilizzando questo generatore di titoli video YouTube, otterrai 5 diversi titoli imperdibili e cliccabili per il tuo video YouTube. Ti baster\u00e0 scegliere il tuo preferito!<\/p>\n<div id=\"gtx-trans\" style=\"position: absolute; left: 537px; top: 116.617px;\">\n<div class=\"gtx-trans-icon\"><\/div>\n<\/div>\n<\/div><\/section><\/div>\n\n<style type=\"text\/css\" data-created_by=\"avia_inline_auto\" id=\"style-css-av-2e88f68w-b7daade8e742817265eaa0e614c7272e\">\n#top .hr.hr-invisible.av-2e88f68w-b7daade8e742817265eaa0e614c7272e{\nheight:20px;\n}\n<\/style>\n<div  id=\"tool-main\"  class='hr av-2e88f68w-b7daade8e742817265eaa0e614c7272e hr-invisible  avia-builder-el-2  el_after_av_one_full  el_before_av_codeblock '><span class='hr-inner '><span class=\"hr-inner-style\"><\/span><\/span><\/div>\n\n<\/div><\/div><\/div><!-- close content main div --><\/div><\/div>\n<style type=\"text\/css\" data-created_by=\"avia_inline_auto\" id=\"style-css-av-28hfv23k-792a497f5b057fde8f0486f3d9d67760\">\n.avia-section.av-28hfv23k-792a497f5b057fde8f0486f3d9d67760{\nbackground-color:#fcfcfc;\nbackground-image:unset;\n}\n<\/style>\n<div id='av_section_1'  class='avia-section av-28hfv23k-792a497f5b057fde8f0486f3d9d67760 main_color avia-section-default avia-no-border-styling  avia-builder-el-4  el_after_av_codeblock  el_before_av_section  tool_content_wrapper avia-bg-style-scroll container_wrap fullsize'  ><div class='container av-section-cont-open' ><div class='template-page content  av-content-full alpha units'><div class='post-entry post-entry-type-page post-entry-155168'><div class='entry-content-wrapper clearfix'>\n\n<div  class='flex_column av-20npnvz4-5860a9ab87863751e0874e959bc94180 av_one_full  avia-builder-el-6  el_after_av_codeblock  el_before_av_two_third  tool_intro first flex_column_div  '     ><section  class='av_textblock_section av-m73icl0n-706cccf02429d485da63924209a7246e '   itemscope=\"itemscope\" itemtype=\"https:\/\/schema.org\/CreativeWork\" ><div class='avia_textblock'  itemprop=\"text\" ><p>Perch\u00e9 i titoli dei video YouTube sono cos\u00ec importanti? Devono attirare l&#8217;attenzione e invitare gli spettatori. La maggior parte delle persone non saprebbe quanto sono fantastici i tuoi video se non riescono a superare i tuoi titoli noiosi. Ma come si ottengono titoli video YouTube straordinari senza scervellarsi?<\/p>\n<p>\u00c8 qui che entra in gioco il Generatore di titoli video YouTube AI LenosTube.<\/p>\n<p>Il nostro innovativo Generatore di titoli video YouTube AI pu\u00f2 aiutarti a creare titoli che meritano un clic, che catturano l&#8217;attenzione e aumentano le tue visualizzazioni. E, incredibilmente, puoi scegliere tra diversi titoli di alta qualit\u00e0 con coinvolgimento garantito.<\/p>\n<p>Allora, perch\u00e9 aspettare? Inizia a usare il nostro generatore di titoli video YouTube oggi stesso. Dopotutto, \u00e8 anche gratuito al 100%!<\/p>\n<\/div><\/section><\/div><div class='flex_column_table av-1vfzkkbk-ebe2a344967bcb00d9ae6dc0e5ee1ffe sc-av_two_third av-equal-height-column-flextable'><div  class='flex_column av-1vfzkkbk-ebe2a344967bcb00d9ae6dc0e5ee1ffe av_two_third  avia-builder-el-8  el_after_av_one_full  el_before_av_one_third  tool_content first flex_column_table_cell av-equal-height-column av-align-top  column-top-margin'     ><style type=\"text\/css\" data-created_by=\"avia_inline_auto\" id=\"style-css-av-m73ice8s-e06fe0f658142c2287c8d8ff49bfe166\">\n#top .av_textblock_section.av-m73ice8s-e06fe0f658142c2287c8d8ff49bfe166 .avia_textblock{\ncolor:#0c0c0c;\n}\n<\/style>\n<section  class='av_textblock_section av-m73ice8s-e06fe0f658142c2287c8d8ff49bfe166 '   itemscope=\"itemscope\" itemtype=\"https:\/\/schema.org\/CreativeWork\" ><div class='avia_textblock responsive av_inherit_color'  itemprop=\"text\" ><div class=\"more-about-lenostube\">\n<div>\n<h4 style=\"font-weight: 600;\">Vuoi aumentare ulteriormente le tue visualizzazioni?<\/h4>\n<p>Su LenosTube, puoi anche trovare visualizzazioni reali da paesi target a tua scelta!<\/p>\n<\/div>\n<div><a class=\"button\" href=\"https:\/\/www.lenostube.com\/it\/comprare-visualizzazioni-youtube\/\">Ottieni Visualizzazioni YouTube<\/a><\/div>\n<\/div>\n<h2><b>Cos&#8217;\u00e8 il Generatore di Titoli YouTube Lenos?<\/b><\/h2>\n<p><span style=\"font-weight: 400;\">Il nostro Generatore di Titoli YouTube \u00e8 uno strumento rivoluzionario potenziato dall&#8217;IA (Intelligenza Artificiale) che ti toglie il lavoro pi\u00f9 gravoso. Ti aiuta a generare idee per i titoli dei video YouTube. Ti basta descrivere il tuo video YouTube, aggiungere alcune parole chiave (se vuoi che siano incluse nel tuo titolo) e poi, lasciare che la nostra IA generativa faccia il lavoro pi\u00f9 impegnativo per te.<\/span><\/p>\n<p><span style=\"font-weight: 400;\">Il Generatore di Titoli Video YouTube Lenos utilizza una tecnologia IA avanzata con una vasta mole di dati sui titoli che ci aiuta a offrire i migliori risultati. Il risultato \u00e8 basato sulle preferenze dell&#8217;utente, ma con il nostro tocco magico. Lo strumento genera titoli video accattivanti, ottimizzandoli anche per i motori di ricerca e per la ricerca di YouTube. In questo modo, garantisce che il tuo video raggiunga il pubblico giusto pur essendo irresistibile da cliccare!<\/span><\/p>\n<h2><b>Caratteristiche Principali del Generatore di Titoli Video YouTube Lenos<\/b><\/h2>\n<p><span style=\"font-weight: 400;\">Quindi, in che modo il nostro strumento si distingue e garantisce i suoi brillanti risultati? Ecco alcune delle fantastiche caratteristiche che, secondo noi, lo rendono unico:<\/span><\/p>\n<ul>\n<li style=\"font-weight: 400;\" aria-level=\"1\"><b>Descrizione del Contenuto:<\/b><span style=\"font-weight: 400;\"> La base di un ottimo titolo inizia con la comprensione del tuo video. Lenos ti permette di descrivere il contenuto del tuo video in modo da comprenderne le tue esigenze. Suggerisce titoli basati sulla descrizione del contenuto del tuo video. E poi, offre un modo chiaro, conciso e accattivante per presentare il contenuto del tuo video in poche parole.<\/span><\/li>\n<li style=\"font-weight: 400;\" aria-level=\"1\"><b>Inclusione di Parole Chiave:<\/b><span style=\"font-weight: 400;\"> Comprendiamo la rilevanza dell&#8217;ottimizzazione per i motori di ricerca (SEO) nell&#8217;indirizzare il tuo video agli spettatori target. Per questo, ti permettiamo di includere fino a tre parole chiave pertinenti che desideri indirizzare. La nostra IA generatrice di titoli utilizza strategicamente queste parole chiave nel tuo titolo. Questa funzionalit\u00e0 assicura una corretta ottimizzazione dei tuoi titoli per gli algoritmi di ricerca su YouTube e Google.<\/span><\/li>\n<li style=\"font-weight: 400;\" aria-level=\"1\"><b>Selezione del Tono:<\/b><span style=\"font-weight: 400;\"> Il tono del tuo titolo definisce l&#8217;atmosfera del tuo video. Vuoi catturare l&#8217;attenzione degli spettatori con un approccio spensierato e giocoso? O forse desideri un tono pi\u00f9 informativo e professionale? Puoi scegliere tra una vasta gamma di toni che si adattano al tuo scopo. Queste opzioni di tono fanno molta strada nel convincere gli spettatori a cliccare sul tuo titolo YouTube. <\/span><\/li>\n<li style=\"font-weight: 400;\" aria-level=\"1\"><b>Opzioni Emoji:<\/b><span style=\"font-weight: 400;\"> Le emoji aggiungono personalit\u00e0 e possono catturare l&#8217;attenzione degli spettatori. Ecco perch\u00e9 il nostro strumento ti consente di utilizzare le emoji nei tuoi titoli. Inoltre, la nostra IA assicura che le emoji non sopraffacciano gli spettatori. Lo strumento utilizza le emoji giuste nei posti giusti per ottenere i migliori risultati.<\/span><\/li>\n<\/ul>\n<h2>Pro e Contro<\/h2>\n<ul class=\"proslist\">\n<li style=\"font-weight: 400;\" aria-level=\"1\">Semplice da usare<\/li>\n<li style=\"font-weight: 400;\" aria-level=\"1\">Varie opzioni di personalizzazione<\/li>\n<li style=\"font-weight: 400;\" aria-level=\"1\">Ottimizzato per la SEO di YouTube<\/li>\n<li style=\"font-weight: 400;\" aria-level=\"1\">Utilizza sia IA che dati reali<\/li>\n<li style=\"font-weight: 400;\" aria-level=\"1\">Utilizzo gratuito e illimitato<\/li>\n<li aria-level=\"1\">Rapporto condivisibile<\/li>\n<\/ul>\n<ul class=\"conslist\">\n<li style=\"font-weight: 400;\" aria-level=\"1\">I titoli video generati dall&#8217;IA potrebbero non essere perfetti al 100%, ed \u00e8 consigliato un intervento manuale dell&#8217;utente per migliorarli ulteriormente.<\/li>\n<\/ul>\n<h2><b>Come Funziona il Generatore di Titoli YouTube Lenos?<\/b><\/h2>\n<p><span style=\"font-weight: 400;\">\u00c8 semplice. Lenos acquisisce la descrizione del tuo video e le tue parole chiave. Quindi, crea per te il titolo video YouTube perfetto. In questo modo, rende l&#8217;esperienza di creazione di titoli cliccabili facile per l&#8217;utente. Sei curioso di sapere come funziona? Ecco un&#8217;anteprima del semplice processo:<\/span><\/p>\n<ul class=\"processlist\">\n<li>\n<h3>Descrivi il Tuo Video<\/h3>\n<p>Inizia raccontando a Lenos un po&#8217; del tuo video. \u00c8 come dare un breve riepilogo al tuo partner creativo. Puoi semplicemente inserire alcune parole chiave o una breve frase che descriva l&#8217;argomento principale del tuo video. Pi\u00f9 sei specifico, migliore sar\u00e0 il risultato offerto dalla nostra IA. Ma non preoccuparti se ti mancano le parole per descrivere il tuo contenuto. Il nostro generatore di titoli pu\u00f2 lavorare con informazioni minime e produrre comunque titoli impressionanti.<\/li>\n<li>\n<h3>Seleziona le Tue Parole Chiave<\/h3>\n<p>Successivamente, identifica le parole chiave per le quali desideri che il tuo video si posizioni nei risultati di ricerca. Il Generatore di Titoli YouTube Lenos ti consente di scegliere fino a tre parole chiave pertinenti. Pensa alle parole esatte che gli spettatori potrebbero usare per trovare i tuoi video e inviale. Questo garantisce che i tuoi titoli siano ottimizzati per la SEO per una migliore visibilit\u00e0. Tuttavia, questo passaggio \u00e8 facoltativo.<\/li>\n<li>\n<h3>Scegli il Tuo Tono<\/h3>\n<p>Il tono del tuo titolo definisce la prima impressione per gli spettatori. Vuoi che il tuo titolo sia informativo e diretto, o stai puntando a un approccio pi\u00f9 giocoso e coinvolgente? Il nostro Generatore di Titoli YouTube ti consente di selezionare quello che meglio riflette il tuo contenuto.<\/li>\n<li>\n<h3>Genera i Tuoi Titoli<\/h3>\n<p>Premi il pulsante &#8220;Genera&#8221; e lascia che la nostra IA si metta al lavoro. Ottieni quasi istantaneamente cinque titoli per il tuo contenuto YouTube. Questi titoli si basano sulle tue preferenze e sul tuo input. Puoi scegliere uno o pi\u00f9 dei titoli suggeriti con cui lavorare&#8230; o fare nuovamente clic su &#8220;Genera&#8221;. Inoltre, puoi copiare tutti i titoli con un solo clic sul pulsante &#8220;Copia&#8221;.<\/li>\n<\/ul>\n<p>Puoi personalizzare ulteriormente i titoli aggiungendo il tuo tocco personale. Inoltre, non dimenticare che non hai limiti al numero di tentativi. Quindi puoi generare tutti i titoli che desideri, per qualsiasi video YouTube.<\/p>\n<h2><b>Prezzi<\/b><\/h2>\n<p><span style=\"font-weight: 400;\">Prezzi? La buona notizia \u00e8 che il Generatore di Titoli YouTube Lenos \u00e8 completamente gratuito da usare. Inizia a generare titoli coinvolgenti e sperimenta i benefici in prima persona. <\/span><\/p>\n<p><span style=\"font-weight: 400;\">Ma offriamo anche diversi servizi avanzati di marketing per YouTube. I nostri servizi sono appositamente pensati per far crescere il tuo canale e il posizionamento dei tuoi video. Dai un&#8217;occhiata ai nostri servizi premium e inizia subito a goderti la crescita del tuo canale YouTube.<\/span><\/p>\n<p><span style=\"font-weight: 400;\">Ora, discutiamo un po&#8217; dei segreti dietro un ottimo titolo YouTube, cos\u00ec come di cosa evitare. Questo ti permetter\u00e0 di modificare e ottimizzare ulteriormente il titolo generato dall&#8217;IA.<\/span><\/p>\n<h2><b>Cosa Rende Ottimo un Titolo YouTube?<\/b><\/h2>\n<p><span style=\"font-weight: 400;\">La prima impressione conta molto, specialmente per gli spettatori. Il titolo del tuo video \u00e8 spesso la tua prima impressione. Ottimi titoli video attirano clic e aumentano le visualizzazioni. Ma cosa rende eccezionale un titolo video YouTube? Identifichiamo alcune delle caratteristiche che i titoli YouTube dovrebbero avere per ottenere risultati impressionanti.<\/span><\/p>\n<ul>\n<li aria-level=\"1\">\n<h3><b>Parole Chiave<\/b><\/h3>\n<\/li>\n<\/ul>\n<p><span style=\"font-weight: 400;\">Le parole chiave sono come magneti per i motori di ricerca. Aiutano le persone a trovare il tuo video quando cercano argomenti specifici. Includere parole chiave nel tuo titolo \u00e8 un ottimo modo per battere la concorrenza. Tuttavia, il riempimento eccessivo di parole chiave non \u00e8 una pratica lodevole. Usa le parole chiave moderatamente e con giudizio per l&#8217;elaborazione del linguaggio naturale e la leggibilit\u00e0 da parte dei motori di ricerca.<\/span><\/p>\n<ul>\n<li aria-level=\"1\">\n<h3><b>Chiarezza<\/b><\/h3>\n<\/li>\n<\/ul>\n<p><span style=\"font-weight: 400;\">Il tuo titolo dovrebbe essere chiaro e conciso. Dovrebbe anche riflettere il contenuto del video. Lasciare lo spettatore a indovinare di cosa tratta il video non \u00e8 la pratica migliore. Inoltre, un titolo fuorviante potrebbe ottenere un clic iniziale, ma probabilmente porter\u00e0 a spettatori delusi. Assicurati che i tuoi titoli riflettano accuratamente ci\u00f2 che il tuo video offre. Il Generatore di Titoli Video YouTube Lenos (IA) pu\u00f2 aiutarti a garantire la chiarezza nel tuo titolo video.<\/span><\/p>\n<ul>\n<li aria-level=\"1\">\n<h3><b>Intrigo<\/b><\/h3>\n<\/li>\n<\/ul>\n<p><span style=\"font-weight: 400;\">Un ottimo titolo va oltre la mera descrizione; suscita curiosit\u00e0. Pur garantendo la chiarezza, puoi aggiungere un po&#8217; di mistero nel tuo titolo. Questo stuzzica l&#8217;interesse degli spettatori. L&#8217;intrigo pu\u00f2 manifestarsi come domande, fatti sorprendenti e verbi forti.<\/span><\/p>\n<ul>\n<li aria-level=\"1\">\n<h3><b>Invito all&#8217;Azione<\/b><\/h3>\n<\/li>\n<\/ul>\n<p><span style=\"font-weight: 400;\">Un invito all&#8217;azione ben posizionato pu\u00f2 dare al tuo titolo una spinta in pi\u00f9. Frasi come &#8220;Scopri Come&#8230;&#8221; o &#8220;Scarica Ora&#8221; possono incoraggiare gli spettatori a interagire con il tuo video. Ma l&#8217;invito all&#8217;azione deve essere pertinente e conciso.<\/span><\/p>\n<h2><b>Dovresti Usare Maiuscole o Emoji nel Tuo Titolo YouTube?<\/b><\/h2>\n<p><span style=\"font-weight: 400;\">Una corretta capitalizzazione (prima lettera e nomi propri) rende il tuo titolo professionale e facile da leggere. Scrivere l&#8217;intero titolo in MAIUSCOLO pu\u00f2 farlo apparire aggressivo. Inoltre, \u00e8 poco professionale.<\/span><\/p>\n<p><span style=\"font-weight: 400;\">D&#8217;altra parte, le emoji possono essere un modo divertente per catturare l&#8217;attenzione. Tuttavia, \u00e8 meglio usarle strategicamente. Troppe emoji possono sopraffare gli spettatori e far apparire il tuo titolo disordinato. Le emoji inoltre non aggiungono valore di ottimizzazione per i motori di ricerca. Questo perch\u00e9 gli spettatori non cercano video utilizzando le emoji. Ma puoi sempre usare una o due emoji pertinenti che complementano il tuo contenuto.<\/span><\/p>\n<h2><b>Cose da Non Fare con i Titoli YouTube<\/b><\/h2>\n<p><span style=\"font-weight: 400;\">I titoli accattivanti sono vitali per attrarre gli spettatori. Tuttavia, molti creatori di contenuti cadono nella tentazione di fuorviare gli spettatori. Le seguenti sono cose che dovresti evitare quando scrivi il titolo del tuo video YouTube.<\/span><\/p>\n<p><span style=\"font-weight: 400;\">In primo luogo, i titoli acchiappa-clic promettono risultati stravaganti e attirano facilmente l&#8217;attenzione. Ma non garantiscono coinvolgimento. Hanno anche una probabilit\u00e0 maggiore di avere un tasso di abbandono pi\u00f9 elevato. Evitali perch\u00e9 possono screditare il tuo canale.<\/span><\/p>\n<p><span style=\"font-weight: 400;\">Inoltre, evita di creare titoli che travisano deliberatamente il contenuto del tuo video. \u00c8 meglio essere onesti con il tuo pubblico. Concentrati sul riflettere accuratamente la proposta di valore del tuo video. Un titolo che promette il mondo ma offre poco deluder\u00e0 gli spettatori e dannegger\u00e0 la tua reputazione.<\/span><\/p>\n<h2><b>Come Ottenere il Meglio dal Generatore di Titoli YouTube Lenos<\/b><\/h2>\n<p><span style=\"font-weight: 400;\">LenosTube \u00e8 la tua arma segreta per creare titoli YouTube perfetti. Per massimizzare veramente il suo potenziale, segui questi suggerimenti esclusivi:<\/span><\/p>\n<ul>\n<li aria-level=\"1\">\n<h3><b>Prova Diverse Opzioni di Parole Chiave<\/b><\/h3>\n<\/li>\n<\/ul>\n<p><span style=\"font-weight: 400;\">Lenos ti consente di suggerire tre parole chiave quando generi titoli video. Puoi provare una combinazione di diverse parole chiave in istanze di utilizzo separate. Sperimentare con le parole chiave ti consente di considerare pi\u00f9 titoli suggeriti rispetto ai cinque iniziali che ottieni dall&#8217;IA.<\/span><\/p>\n<ul>\n<li aria-level=\"1\">\n<h3><b>Personalizzazione del Tono<\/b><\/h3>\n<\/li>\n<\/ul>\n<p><span style=\"font-weight: 400;\">Lenos offre una gamma di opzioni di tono. Dovresti esplorare e giocare un po&#8217;. Prova un tono giocoso per un video spensierato o un tono pi\u00f9 informativo per contenuti educativi. Guarda come toni diversi offrono risultati diversi e usa quello che suona meglio per il tuo scopo.<\/span><\/p>\n<ul>\n<li aria-level=\"1\">\n<h3><b>Personalizza e Affina<\/b><\/h3>\n<\/li>\n<\/ul>\n<p><span style=\"font-weight: 400;\">L&#8217;IA di Lenos promette titoli generati highly engaging. Ma non devono essere una destinazione finale. Usa i titoli dall&#8217;IA come ispirazione e personalizzali ulteriormente. Includi l&#8217;identit\u00e0 personale o del marchio e modifica le parole per adattarle ai tuoi gusti.<\/span><\/p>\n<h2><b>Conclusione<\/b><\/h2>\n<p><span style=\"font-weight: 400;\">Il Generatore di Titoli Video YouTube Lenos IA \u00e8 perfetto per creare titoli video che garantiscono coinvolgimento. Ti aiuta a generare titoli video YouTube cliccabili e ottimizzati per i motori di ricerca. La sua tecnologia IA avanzata, le sue funzionalit\u00e0 e l&#8217;interfaccia facile da usare lo rendono uno strumento indispensabile per i creatori di contenuti di YouTube. Quindi, se stai ancora cercando il miglior titolo YouTube, hai la tua soluzione migliore proprio qui. E gratuitamente.<\/span><\/p>\n<\/div><\/section><\/div><div class='av-flex-placeholder'><\/div><div  class='flex_column av-1qmiow4g-f669ab5a54d2aeb628fdcd8b23f4e688 av_one_third  avia-builder-el-10  el_after_av_two_third  avia-builder-el-last  tool_sidebar flex_column_table_cell av-equal-height-column av-align-top  column-top-margin'     ><p><br \/>\n<\/p><\/div><\/div><!--close column table wrapper. Autoclose: 1 --><\/div><\/div><\/div><!-- close content main div --><\/div><\/div><div id='av_section_2'  class='avia-section av-4t2oleo-c05542e62ffb8db436f4940b3017db10 main_color avia-section-large avia-no-border-styling  avia-builder-el-13  el_after_av_section  el_before_av_section  avia-bg-style-scroll container_wrap fullsize'  ><div class='container av-section-cont-open' ><div class='template-page content  av-content-full alpha units'><div class='post-entry post-entry-type-page post-entry-155168'><div class='entry-content-wrapper clearfix'>\n<div  class='flex_column av-19l5gc68-d9bf34531c43187fae8b82c59ec87c74 av_one_full  avia-builder-el-14  avia-builder-el-no-sibling  first flex_column_div  '     ><\/div>\n<\/p>\n<\/div><\/div><\/div><!-- close content main div --><\/div><\/div>\n<style type=\"text\/css\" data-created_by=\"avia_inline_auto\" id=\"style-css-av-3botco0-d523a1471f112df89308801442bd090c\">\n.avia-section.av-3botco0-d523a1471f112df89308801442bd090c{\nbackground-color:#fcfcfc;\nbackground-image:unset;\n}\n<\/style>\n<div id='av_section_3'  class='avia-section av-3botco0-d523a1471f112df89308801442bd090c main_color avia-section-large avia-no-border-styling  avia-builder-el-16  el_after_av_section  el_before_av_section  avia-bg-style-scroll container_wrap fullsize'  ><div class='container av-section-cont-open' ><div class='template-page content  av-content-full alpha units'><div class='post-entry post-entry-type-page post-entry-155168'><div class='entry-content-wrapper clearfix'>\n<div  class='flex_column av-tayez4w-1894d4c11a450a4b9ae7ac3fdf33e8c8 av_one_full  avia-builder-el-17  avia-builder-el-no-sibling  first flex_column_div  '     ><\/div>\n\n<\/div><\/div><\/div><!-- close content main div --><\/div><\/div><div id='av_section_4'  class='avia-section av-kdvtkv4-109fb6671f787c01b719e3ad2c392bcf main_color avia-section-large avia-no-border-styling  avia-builder-el-19  el_after_av_section  el_before_av_section  tcomment-area avia-bg-style-scroll container_wrap fullsize'  ><div class='container av-section-cont-open' ><div class='template-page content  av-content-full alpha units'><div class='post-entry post-entry-type-page post-entry-155168'><div class='entry-content-wrapper clearfix'>\n<div  class='flex_column av-ejm8fog-a75b5c6b318f62d3b46e80a1efa3532f av_one_full  avia-builder-el-20  avia-builder-el-no-sibling  first flex_column_div  '     ><\/div>\n\n<\/div><\/div><\/div><!-- close content main div --><\/div><\/div><div id='av_section_5'  class='avia-section av-5pb2ffk-c78a6de69b601180d0302d491419dd83 main_color avia-section-no-padding avia-no-border-styling  avia-builder-el-22  el_after_av_section  avia-builder-el-last  tlcta-wrapper avia-bg-style-scroll container_wrap fullsize'  ><div class='container av-section-cont-open' ><div class='template-page content  av-content-full alpha units'><div class='post-entry post-entry-type-page post-entry-155168'><div class='entry-content-wrapper clearfix'>\n<div  class='av_promobox av-m73ie4l9-8ba937b879a7df42ad86759f57dd6ad8 avia-button-yes  avia-builder-el-23  avia-builder-el-no-sibling  tool-lcta'><div class='avia-promocontent'><p>Crei titoli video accattivanti e ottimizzati per la SEO semplicemente inserendo il tuo argomento! Il nostro generatore fornisce istantaneamente opzioni che catturano l&#8217;attenzione per aumentare l&#8217;attrattiva del tuo video.<\/p>\n<\/div><div  class='avia-button-wrap av-m73ie4l9-8ba715817f7498dca41e49cccde94080-wrap avia-button-right  tool-lcta'><a href='#tool-main'  class='avia-button av-m73ie4l9-8ba715817f7498dca41e49cccde94080 av-link-btn avia-icon_select-no avia-size-large avia-position-right avia-color-theme-color'   aria-label=\"Genera Titolo Video\"><span class='avia_iconbox_title' >Genera Titolo Video<\/span><\/a><\/div><\/div>\n\n","protected":false},"excerpt":{"rendered":"","protected":false},"author":1,"featured_media":0,"parent":0,"menu_order":0,"comment_status":"closed","ping_status":"closed","template":"","meta":{"footnotes":""},"tools_category":[227,226,225],"class_list":["post-155168","page","type-page","status-publish","hentry","tools_category-strumenti-di-creazione-video-youtube","tools_category-strumenti-di-crescita-youtube","tools_category-strumenti-ia-youtube"],"_links":{"self":[{"href":"https:\/\/www.lenostube.com\/it\/wp-json\/wp\/v2\/pages\/155168","targetHints":{"allow":["GET"]}}],"collection":[{"href":"https:\/\/www.lenostube.com\/it\/wp-json\/wp\/v2\/pages"}],"about":[{"href":"https:\/\/www.lenostube.com\/it\/wp-json\/wp\/v2\/types\/page"}],"author":[{"embeddable":true,"href":"https:\/\/www.lenostube.com\/it\/wp-json\/wp\/v2\/users\/1"}],"replies":[{"embeddable":true,"href":"https:\/\/www.lenostube.com\/it\/wp-json\/wp\/v2\/comments?post=155168"}],"version-history":[{"count":0,"href":"https:\/\/www.lenostube.com\/it\/wp-json\/wp\/v2\/pages\/155168\/revisions"}],"wp:attachment":[{"href":"https:\/\/www.lenostube.com\/it\/wp-json\/wp\/v2\/media?parent=155168"}],"wp:term":[{"taxonomy":"tools_category","embeddable":true,"href":"https:\/\/www.lenostube.com\/it\/wp-json\/wp\/v2\/tools_category?post=155168"}],"curies":[{"name":"wp","href":"https:\/\/api.w.org\/{rel}","templated":true}]}}