{"id":155247,"date":"2023-12-29T18:00:34","date_gmt":"2023-12-29T17:00:34","guid":{"rendered":"https:\/\/www.lenostube.com\/en\/?page_id=155247"},"modified":"2026-04-02T04:33:25","modified_gmt":"2026-04-02T03:33:25","slug":"calcolatore-guadagni-youtube","status":"publish","type":"page","link":"https:\/\/www.lenostube.com\/it\/calcolatore-guadagni-youtube\/","title":{"rendered":"Calcolatore guadagni YouTube (Calcola per Visualizzazioni, Canale o Video)"},"content":{"rendered":"\n<style type=\"text\/css\" data-created_by=\"avia_inline_auto\" id=\"style-css-av-2lcqoawf-f41e81ae49b308cc5f2d5ecc240ce8ee\">\n.flex_column.av-2lcqoawf-f41e81ae49b308cc5f2d5ecc240ce8ee{\npadding:15px 0 15px 0;\n}\n\n@media only screen and (min-width: 480px) and (max-width: 767px){ \n.flex_column.av-2lcqoawf-f41e81ae49b308cc5f2d5ecc240ce8ee{\npadding:15px 0 8px 0;\n}\n}\n\n@media only screen and (max-width: 479px){ \n.flex_column.av-2lcqoawf-f41e81ae49b308cc5f2d5ecc240ce8ee{\npadding:15px 0 8px 0;\n}\n}\n<\/style>\n<div  class='flex_column av-2lcqoawf-f41e81ae49b308cc5f2d5ecc240ce8ee av_one_full  avia-builder-el-0  el_before_av_hr  avia-builder-el-first  first flex_column_div  '     ><section  class='av_textblock_section av-m70svycl-13201a4d7c0d35371ba9883d17f6631f '   itemscope=\"itemscope\" itemtype=\"https:\/\/schema.org\/CreativeWork\" ><div class='avia_textblock responsive container'  itemprop=\"text\" ><h2 style=\"text-align: center;\">Calcolatore guadagni YouTube \ud83d\udcb0<\/h2>\n<p style=\"text-align: center;\">Curioso di sapere quanto guadagna qualcuno su YouTube? Con questo strumento, puoi calcolare facilmente le entrate YouTube per canale, video o quantit\u00e0 di visualizzazioni!<\/p>\n<\/div><\/section><\/div>\n\n<style type=\"text\/css\" data-created_by=\"avia_inline_auto\" id=\"style-css-av-2hy3z4a7-7b417a12bdd13eb2d43868a9a82df97e\">\n#top .hr.hr-invisible.av-2hy3z4a7-7b417a12bdd13eb2d43868a9a82df97e{\nheight:20px;\n}\n<\/style>\n<div  id=\"tool-main\"  class='hr av-2hy3z4a7-7b417a12bdd13eb2d43868a9a82df97e hr-invisible  avia-builder-el-2  el_after_av_one_full  el_before_av_codeblock '><span class='hr-inner '><span class=\"hr-inner-style\"><\/span><\/span><\/div>\n\n<\/div><\/div><\/div><!-- close content main div --><\/div><\/div>\n<style type=\"text\/css\" data-created_by=\"avia_inline_auto\" id=\"style-css-av-2f7qou3z-baa40aad90451a02583258b092e8fd7c\">\n.avia-section.av-2f7qou3z-baa40aad90451a02583258b092e8fd7c{\nbackground-color:#fcfcfc;\nbackground-image:unset;\n}\n<\/style>\n<div id='av_section_1'  class='avia-section av-2f7qou3z-baa40aad90451a02583258b092e8fd7c main_color avia-section-default avia-no-border-styling  avia-builder-el-4  el_after_av_codeblock  el_before_av_section  tool_content_wrapper avia-bg-style-scroll container_wrap fullsize'  ><div class='container av-section-cont-open' ><div class='template-page content  av-content-full alpha units'><div class='post-entry post-entry-type-page post-entry-155247'><div class='entry-content-wrapper clearfix'>\n\n<div  class='flex_column av-25aza0dr-dfb5da4eea59eae04ce2c1f5d9d144eb av_one_full  avia-builder-el-6  el_after_av_codeblock  el_before_av_two_third  tool_intro first flex_column_div  '     ><section  class='av_textblock_section av-21bj035b-94b39b4eebccac0f3847018cf72cb4c2 '   itemscope=\"itemscope\" itemtype=\"https:\/\/schema.org\/CreativeWork\" ><div class='avia_textblock'  itemprop=\"text\" ><p>Lasciaci indovinare. Ami creare video e pubblicarli su YouTube. Hai una passione per questo. Ma come puoi trasformare la tua passione in profitto? \u00c8 possibile? Quanti soldi puoi guadagnare su YouTube?<\/p>\n<p>O\u2026 conosci questo interessante canale YouTube, e sei curioso di sapere quanti soldi ha guadagnato finora.<\/p>\n<p>Queste sono alcune domande che potresti avere in mente. Ed \u00e8 per questo che abbiamo creato questo calcolatore guadagni YouTube. \u00c8 uno strumento semplice e facile da usare che ti permette di stimare i tuoi guadagni potenziali, piuttosto che quelli di altri creatori di contenuti YouTube. Vediamo come ti aiuta.<\/p>\n<\/div><\/section><\/div><div class='flex_column_table av-1tt70ktr-aa6414af992f740d525f5f08fbadec63 sc-av_two_third av-equal-height-column-flextable'><div  class='flex_column av-1tt70ktr-aa6414af992f740d525f5f08fbadec63 av_two_third  avia-builder-el-8  el_after_av_one_full  el_before_av_one_third  tool_content first flex_column_table_cell av-equal-height-column av-align-top  column-top-margin'     ><style type=\"text\/css\" data-created_by=\"avia_inline_auto\" id=\"style-css-av-m70t3ekx-e8e9c73c38c9136b765fbca8db05c69f\">\n#top .av_textblock_section.av-m70t3ekx-e8e9c73c38c9136b765fbca8db05c69f .avia_textblock{\ncolor:#0c0c0c;\n}\n<\/style>\n<section  class='av_textblock_section av-m70t3ekx-e8e9c73c38c9136b765fbca8db05c69f '   itemscope=\"itemscope\" itemtype=\"https:\/\/schema.org\/CreativeWork\" ><div class='avia_textblock responsive av_inherit_color'  itemprop=\"text\" ><h2>Cos&#8217;\u00e8 un Calcolatore guadagni YouTube?<\/h2>\n<p>Un Calcolatore guadagni YouTube \u00e8 uno strumento avanzato che stima le entrate generate da un canale YouTube. Puoi usarlo per calcolare i guadagni potenziali dei tuoi concorrenti e persino prevedere i tuoi guadagni futuri.<\/p>\n<div class=\"more-about-lenostube\">\n<div>\n<h5>Vuoi guadagnare anche tu su YouTube?<\/h5>\n<p>Dai un&#8217;occhiata al nostro canale YouTube monetizzato chiavi in mano!<\/p>\n<\/div>\n<div><a class=\"button\" href=\"https:\/\/www.lenostube.com\/it\/acquista\/canale-account-monetizzato\/\">Acquista un canale YouTube monetizzato<\/a><\/div>\n<\/div>\n<h2>Come puoi guadagnare su YouTube?<\/h2>\n<p>Sapevi che oltre 9.000 canali generano un reddito a sei cifre dai loro video YouTube? Ma come? Bene, ci sono cos\u00ec tanti modi per guadagnare da YouTube. Alcuni dei pi\u00f9 importanti sono:<\/p>\n<h3>1. Entrate pubblicitarie<\/h3>\n<p>Il modo pi\u00f9 comune di guadagnare attraverso YouTube non \u00e8 altro che le entrate pubblicitarie. Devi aderire al <a href=\"https:\/\/support.google.com\/youtube\/answer\/72851?hl=en\">Programma Partner di YouTube<\/a> per mostrare annunci nei tuoi video. Molto probabilmente, genererai entrate attraverso le visualizzazioni degli annunci. Per questo, devi avere almeno 1.000 iscritti e 4.000 ore di visualizzazione negli ultimi 12 mesi. Alcune persone, per aderire al Programma Partner di YouTube pi\u00f9 velocemente, optano per <a href=\"https:\/\/www.lenostube.com\/it\/acquista\/canale-account-monetizzato\/\">un canale YouTube pronto per la monetizzazione<\/a>.<\/p>\n<h3>2. Abbonamenti<\/h3>\n<p><a href=\"https:\/\/support.google.com\/youtube\/answer\/7636690?hl=en\">Gli abbonamenti<\/a> sono la seconda fonte di reddito YouTube pi\u00f9 remunerativa. Ma devi iscriverti al Programma Partner di YouTube per utilizzare gli abbonamenti al canale. Il prezzo minimo per offrire abbonamenti \u00e8 $0,99. Sei libero di offrire pi\u00f9 livelli di prezzo con prezzi diversi. Puoi anche dare accesso a badge o contenuti esclusivi per gli spettatori con un abbonamento.<\/p>\n<h3>3. Partnership con i brand<\/h3>\n<p>L&#8217;influencer marketing \u00e8 una tendenza comune nei social media oggigiorno. I creatori di contenuti con una ragionevole autenticit\u00e0 possono influenzare i modelli di acquisto del loro pubblico. Quindi, spesso cercano marchi nella loro nicchia per promuovere i loro prodotti o servizi. In cambio, possono guadagnare un&#8217;affiliazione o un reddito fisso.<\/p>\n<h3>4. Vendite<\/h3>\n<p>Se ti sei iscritto al Programma Partner di YouTube e hai 10.000 iscritti, ottieni l&#8217;accesso al Merchandising di YouTube. Il Merchandising di YouTube \u00e8 una funzione che ti permette di vendere prodotti di marca agli spettatori direttamente dal canale. Puoi impostare i tuoi prezzi e YouTube non addebita nulla su questo!<\/p>\n<h2>Come usare il Calcolatore guadagni YouTube?<\/h2>\n<ul class=\"processlist\">\n<li>\n<h3>Inserisci il link del video<\/h3>\n<p>Copia e incolla il link del canale YouTube o del video di cui vuoi conoscere i guadagni. In alternativa, puoi anche fornire il numero di visualizzazioni per ottenere una stima dei guadagni.<\/li>\n<li>\n<h3>Inserisci le entrate personalizzate per 1000 impressioni<\/h3>\n<p>Per ottenere una cifra pi\u00f9 accurata, puoi digitare l&#8217;importo che guadagni per 1000 impressioni. Puoi trovare queste informazioni nella tua dashboard di YouTube Studio. Nel caso in cui non disponessi di tali dati, considera l&#8217;utilizzo del CPM medio di $0,25-$4,00. Oppure, lo compileremo per te in base a fattori come nicchia, localit\u00e0 del video, qualit\u00e0, ecc. Quindi, clicca sul pulsante &#8216;calcola soldi&#8217;.<\/li>\n<li>\n<h3>Visualizza i risultati<\/h3>\n<p>Se hai inserito solo il link del video, l&#8217;interfaccia ti mostrer\u00e0 il numero di visualizzazioni. Quindi, ti d\u00e0 una stima approssimativa delle entrate generate da quel video.<\/li>\n<li>\n<h3>Condividi i risultati<\/h3>\n<p>Una volta ottenuti i risultati, puoi condividerli facilmente con altri copiando il link all&#8217;interfaccia dei risultati.<\/li>\n<\/ul>\n<h2>Come calcoliamo i guadagni YouTube?<\/h2>\n<p>Il calcolo dei guadagni potenziali non \u00e8 un compito semplice, poich\u00e9 ci sono molte variabili coinvolte. Ecco perch\u00e9 abbiamo impostato un algoritmo per questo. Il nostro algoritmo avanzato prende in considerazione una serie di fattori per arrivare a una cifra approssimativa. Ecco una ripartizione degli elementi chiave che consideriamo:<\/p>\n<ul>\n<li aria-level=\"1\">Visualizzazioni: Prima di tutto, il nostro algoritmo del calcolatore guadagni YouTube conferma il numero di visualizzazioni attraverso il link fornito. Tieni presente che le visualizzazioni su YouTube significano il numero di volte che il tuo video \u00e8 stato guardato e non il numero di persone che lo hanno guardato.<\/li>\n<li aria-level=\"1\">CPM: CPM si riferisce al Costo per Mille. \u00c8 l&#8217;importo pagato da un inserzionista a YouTube per ogni 1000 visualizzazioni. Il CPM dipende da molti fattori come la nicchia, il paese del video, la qualit\u00e0, ecc. Puoi ottenere una stima del CPM da molti siti web. Oppure, non preoccuparti! Il nostro strumento calcolatore di monetizzazione YouTube lo calcoler\u00e0 per te e lo visualizzer\u00e0 nell&#8217;interfaccia dei risultati.<\/li>\n<li aria-level=\"1\">Quota YouTube: YouTube non trasferisce l&#8217;intero importo dagli inserzionisti ai creatori di contenuti direttamente. Quindi, quanto paga YouTube? Beh, dipende dalla qualit\u00e0, dalla localit\u00e0 del video e cos\u00ec via. In genere, YouTube paga quasi il 55% delle entrate ai suoi creatori di contenuti.<\/li>\n<li aria-level=\"1\">Tempo di visualizzazione: La durata totale cos\u00ec come il tempo guardato dagli spettatori \u00e8 una metrica importante relativa alle prestazioni degli annunci. Il nostro strumento considera anche il tempo di visualizzazione del video prima di stimare le entrate.<\/li>\n<\/ul>\n<h2>Perch\u00e9 dovresti usare un calcolatore guadagni YouTube?<\/h2>\n<p>La maggior parte dei canali YouTube fallisce a causa dell&#8217;assenza di un piano solido con cifre realistiche. Ed \u00e8 esattamente dove uno strumento gratuito di calcolo della monetizzazione YouTube pu\u00f2 aiutarti. Ecco alcuni motivi per cui ogni creatore di contenuti deve considerare uno strumento di calcolo guadagni YouTube:<\/p>\n<h3>1. Valuta le tue prestazioni<\/h3>\n<p>Puoi usare lo strumento calcolatore guadagni YouTube per confrontare il tuo canale YouTube con altri nella tua nicchia. Gli YouTuber con la tua stessa base di pubblico hanno pi\u00f9 guadagni di te? Allora, \u00e8 tempo di ripensare la tua strategia pubblicitaria. Puoi anche vedere quanti soldi potresti potenzialmente guadagnare se migliorassi la qualit\u00e0 del tuo video, la strategia dei contenuti e la SEO.<\/p>\n<h3>2. Aspettative realistiche<\/h3>\n<p>Uno dei pi\u00f9 grandi errori commessi da un creatore di contenuti principiante \u00e8 impostare obiettivi alti e non realistici. E qual \u00e8 il risultato? Gradualmente, perdono interesse e chiudono il canale.<\/p>\n<p>Il nostro strumento calcolatore di monetizzazione YouTube pu\u00f2 farti impostare obiettivi realistici basati sulle tue prestazioni attuali. Puoi vedere quanto guadagnano gli YouTuber del tuo stesso livello. In questo modo, puoi frenare le tue aspettative e renderle realistiche<\/p>\n<h3>3. Trova le nicchie pi\u00f9 redditizie<\/h3>\n<p>Sappiamo tutti che la selezione della nicchia ha un ruolo significativo nel successo di un canale YouTube. Devi fare una ricerca adeguata sulla redditivit\u00e0 e la domanda degli utenti di una nicchia, prima di investire il tuo tempo prezioso in essa. \u00c8 qui che hai bisogno di uno strumento come il Calcolatore guadagni YouTube.<\/p>\n<p>Puoi utilizzare il nostro strumento per conoscere i guadagni degli YouTuber di una nicchia specifica, dai principianti agli esperti, e impostare approssimativamente un livello di guadagno medio per ogni nicchia. In questo modo, puoi identificare le nicchie che hanno il pi\u00f9 alto potenziale di guadagno e sceglierle.<\/p>\n<h3>4. Confronta con i concorrenti<\/h3>\n<p>La parte migliore del nostro strumento calcolatore guadagni YouTube \u00e8 che puoi trovare anche i guadagni stimati dei video dei tuoi concorrenti. Se vedi un particolare tipo di video avere pi\u00f9 visualizzazioni sul canale YouTube, puoi adattare quello stile anche ai tuoi video. In questo modo, puoi imparare dai tuoi concorrenti ed evitare i loro errori.<\/p>\n<h2><span style=\"color: #000000;\">Domande frequenti (FAQ)<\/span><\/h2>\n<ol>\n<li><span style=\"color: #000000;\"><strong>Come aumenti i guadagni YouTube?<\/strong><\/span><\/li>\n<\/ol>\n<p><span style=\"color: #000000;\">Il modo migliore per aumentare i guadagni YouTube \u00e8 diversificare il tuo flusso di entrate. Ecco alcuni metodi di entrate principali che puoi considerare:<\/span><\/p>\n<ul>\n<li aria-level=\"1\"><span style=\"color: #000000;\">Impostare l&#8217;affiliate marketing sui tuoi video.<\/span><\/li>\n<li aria-level=\"1\"><span style=\"color: #000000;\">Costruire fiducia tra il pubblico e convertirla in vendite.<\/span><\/li>\n<li aria-level=\"1\"><span style=\"color: #000000;\">Utilizzare piattaforme di crowdfunding per guadagnare soldi.<\/span><\/li>\n<li aria-level=\"1\"><span style=\"color: #000000;\">Introdurre abbonamenti al canale YouTube e fornire risorse preziose agli acquirenti.<\/span><\/li>\n<\/ul>\n<ol start=\"2\">\n<li><strong><span style=\"color: #000000;\">Quanto paga YouTube?<\/span><\/strong><\/li>\n<\/ol>\n<p><span style=\"color: #000000;\">Beh, \u00e8 una domanda impegnativa poich\u00e9 l&#8217;importo pagato da YouTube dipende da vari fattori come il numero di visualizzazioni, interazioni, ecc. Per quanto riguarda le entrate pubblicitarie, YouTube paga quasi il 55% dell&#8217;importo dagli inserzionisti al creatore di contenuti. Puoi aspettarti quasi da $0,003 a $0,005 per visualizzazione video.<\/span><\/p>\n<ol start=\"3\">\n<li><span style=\"color: #000000;\"><strong>Come monetizzare il tuo canale su YouTube?<\/strong><\/span><\/li>\n<\/ol>\n<p><span style=\"color: #000000;\">Devi costruire una solida base di pubblico attraverso contenuti coinvolgenti per la monetizzazione YouTube. Devi aderire al Programma Partner di YouTube per monetizzare il tuo canale. Per questo, hai bisogno di un minimo di 1.000 iscritti e 4.000 ore di visualizzazione nell&#8217;ultimo anno.<\/span><\/p>\n<ol start=\"4\">\n<li><span style=\"color: #000000;\"><strong>Posso usare un calcolatore guadagni YouTube senza un link video?<\/strong><\/span><\/li>\n<\/ol>\n<p><span style=\"color: #000000;\">S\u00ec, puoi cliccare sulla sezione visualizzazione personalizzata e ottenere una stima dei guadagni basata sulle visualizzazioni.<\/span><\/p>\n<ol start=\"5\">\n<li><span style=\"color: #000000;\"><strong>Quanto guadagna uno YouTuber?<\/strong><\/span><\/li>\n<\/ol>\n<p><span style=\"color: #000000;\">Non c&#8217;\u00e8 una risposta semplice a questa domanda in quanto dipende da molteplici fattori. Beh, c&#8217;\u00e8 un metodo semplice per questo. Basta copiare e incollare il link dello YouTuber che desideri conoscere. Ti daremo una stima accurata di quanto guadagna. \u00c8 cos\u00ec semplice.<\/span><\/p>\n<h2><span style=\"color: #000000;\">Conclusione<\/span><\/h2>\n<p><span style=\"color: #000000;\">YouTube \u00e8 pi\u00f9 di una semplice piattaforma per l&#8217;intrattenimento. \u00c8 anche una fonte di ispirazione e fonte di entrate per milioni di creatori di contenuti. Ma come puoi imparare dal loro successo e applicarlo al tuo canale?<\/span><\/p>\n<p><span style=\"color: #000000;\">Dai un&#8217;occhiata al nostro strumento calcolatore guadagni YouTube per scoprirlo. Basta incollare il link del video o del canale e vedere quanti soldi guadagnano gli altri. Provalo e guarda tu stesso.<\/span><\/p>\n<\/div><\/section><\/div><div class='av-flex-placeholder'><\/div><div  class='flex_column av-1s9a20j3-c91be8c7073114146240a1e5518eb683 av_one_third  avia-builder-el-10  el_after_av_two_third  avia-builder-el-last  tool_sidebar flex_column_table_cell av-equal-height-column av-align-top  column-top-margin'     ><p><br \/>\n<\/p><\/div><\/div><!--close column table wrapper. Autoclose: 1 --><\/div><\/div><\/div><!-- close content main div --><\/div><\/div><div id='av_section_2'  class='avia-section av-4rpv1v3-1258b3d45d0eae1a5332787909cc572a main_color avia-section-large avia-no-border-styling  avia-builder-el-13  el_after_av_section  el_before_av_section  avia-bg-style-scroll container_wrap fullsize'  ><div class='container av-section-cont-open' ><div class='template-page content  av-content-full alpha units'><div class='post-entry post-entry-type-page post-entry-155247'><div class='entry-content-wrapper clearfix'>\n<div  class='flex_column av-4bd1ckv-6b992ebc1b9822ca63fff5aac97bad0d av_one_full  avia-builder-el-14  avia-builder-el-no-sibling  first flex_column_div  '     ><\/div>\n<\/p>\n<\/div><\/div><\/div><!-- close content main div --><\/div><\/div>\n<style type=\"text\/css\" data-created_by=\"avia_inline_auto\" id=\"style-css-av-zo24uen-4461768b0636a3dd081ffd0761964b01\">\n.avia-section.av-zo24uen-4461768b0636a3dd081ffd0761964b01{\nbackground-color:#fcfcfc;\nbackground-image:unset;\n}\n<\/style>\n<div id='av_section_3'  class='avia-section av-zo24uen-4461768b0636a3dd081ffd0761964b01 main_color avia-section-large avia-no-border-styling  avia-builder-el-16  el_after_av_section  el_before_av_section  avia-bg-style-scroll container_wrap fullsize'  ><div class='container av-section-cont-open' ><div class='template-page content  av-content-full alpha units'><div class='post-entry post-entry-type-page post-entry-155247'><div class='entry-content-wrapper clearfix'>\n<div  class='flex_column av-312l2cv-a85eaf46298bfff9db30eb0cd121785d av_one_full  avia-builder-el-17  avia-builder-el-no-sibling  first flex_column_div  '     ><\/div>\n\n<\/div><\/div><\/div><!-- close content main div --><\/div><\/div><div id='av_section_4'  class='avia-section av-ks2nhyn-ab776690e7558c8e447200359c0d9618 main_color avia-section-large avia-no-border-styling  avia-builder-el-19  el_after_av_section  el_before_av_section  tcomment-area avia-bg-style-scroll container_wrap fullsize'  ><div class='container av-section-cont-open' ><div class='template-page content  av-content-full alpha units'><div class='post-entry post-entry-type-page post-entry-155247'><div class='entry-content-wrapper clearfix'>\n<div  class='flex_column av-1jfsbjj-00755d917546cf74d9ac93d7d7f0506b av_one_full  avia-builder-el-20  avia-builder-el-no-sibling  first flex_column_div  '     ><\/div>\n\n<\/div><\/div><\/div><!-- close content main div --><\/div><\/div><div id='av_section_5'  class='avia-section av-579iii7-20535fc91115b00f5af21afb0ffe9d74 main_color avia-section-no-padding avia-no-border-styling  avia-builder-el-22  el_after_av_section  avia-builder-el-last  tlcta-wrapper avia-bg-style-scroll container_wrap fullsize'  ><div class='container av-section-cont-open' ><div class='template-page content  av-content-full alpha units'><div class='post-entry post-entry-type-page post-entry-155247'><div class='entry-content-wrapper clearfix'>\n<div  class='av_promobox av-m70t5v8f-050d3905147a2dc7d9e12de982c14dcc avia-button-yes  avia-builder-el-23  avia-builder-el-no-sibling  tool-lcta'><div class='avia-promocontent'><div id=\"model-response-message-contentr_599f612fcba7c520\" class=\"markdown markdown-main-panel enable-updated-hr-color\" dir=\"ltr\" aria-live=\"off\" aria-busy=\"false\">\n<p data-path-to-node=\"0\">Scopri quanto pu\u00f2 guadagnare qualsiasi canale YouTube usando il nostro calcolatore facile da usare. Fornisci le informazioni del canale\/video e scopri i guadagni in secondi.<\/p>\n<\/div>\n<div id=\"gtx-trans\" style=\"position: absolute; left: 189px; top: -14.4062px;\">\n<div class=\"gtx-trans-icon\"><\/div>\n<\/div>\n<\/div><div  class='avia-button-wrap av-m70t5v8f-ab7aeffd952021021f5b43d312325b98-wrap avia-button-right  tool-lcta'><a href='#tool-main'  class='avia-button av-m70t5v8f-ab7aeffd952021021f5b43d312325b98 av-link-btn avia-icon_select-no avia-size-large avia-position-right avia-color-theme-color'   aria-label=\"Calcola guadagni YouTube\"><span class='avia_iconbox_title' >Calcola guadagni YouTube<\/span><\/a><\/div><\/div>\n\n","protected":false},"excerpt":{"rendered":"","protected":false},"author":1,"featured_media":0,"parent":0,"menu_order":0,"comment_status":"closed","ping_status":"closed","template":"","meta":{"footnotes":""},"tools_category":[229,230,228],"class_list":["post-155247","page","type-page","status-publish","hentry","tools_category-strumenti-di-analisi-youtube","tools_category-strumenti-di-monetizzazione-youtube","tools_category-strumenti-seo-youtube"],"_links":{"self":[{"href":"https:\/\/www.lenostube.com\/it\/wp-json\/wp\/v2\/pages\/155247","targetHints":{"allow":["GET"]}}],"collection":[{"href":"https:\/\/www.lenostube.com\/it\/wp-json\/wp\/v2\/pages"}],"about":[{"href":"https:\/\/www.lenostube.com\/it\/wp-json\/wp\/v2\/types\/page"}],"author":[{"embeddable":true,"href":"https:\/\/www.lenostube.com\/it\/wp-json\/wp\/v2\/users\/1"}],"replies":[{"embeddable":true,"href":"https:\/\/www.lenostube.com\/it\/wp-json\/wp\/v2\/comments?post=155247"}],"version-history":[{"count":0,"href":"https:\/\/www.lenostube.com\/it\/wp-json\/wp\/v2\/pages\/155247\/revisions"}],"wp:attachment":[{"href":"https:\/\/www.lenostube.com\/it\/wp-json\/wp\/v2\/media?parent=155247"}],"wp:term":[{"taxonomy":"tools_category","embeddable":true,"href":"https:\/\/www.lenostube.com\/it\/wp-json\/wp\/v2\/tools_category?post=155247"}],"curies":[{"name":"wp","href":"https:\/\/api.w.org\/{rel}","templated":true}]}}